{"id":147,"date":"2023-02-23T22:20:59","date_gmt":"2023-02-23T21:20:59","guid":{"rendered":"http:\/\/efa.green64.pl\/shop\/?post_type=product&#038;p=147"},"modified":"2025-09-30T13:39:03","modified_gmt":"2025-09-30T11:39:03","slug":"doggy-piesiola","status":"publish","type":"product","link":"https:\/\/epawlinska.pl\/portfolio\/produkt\/doggy-piesiola\/","title":{"rendered":"Doggy \/ Piesio\u0142a"},"content":{"rendered":"<p>acacia wood, exhibition &#8221; I have an imagination and I am not afraid to use it&#8221;, Ustronie Morskie, Poland, 2022<\/p>\n<p>drewno akacji, wystawa &#8222;Mam wyobra\u017ani\u0119 i nie zawaham si\u0119 jej u\u017cy\u0107&#8221;, Ustronie Morskie, Polska, 2022<\/p>\n<p>&nbsp;<\/p>\n","protected":false},"excerpt":{"rendered":"<p>acacia wood, exhibition &#8221; I have an imagination and I am not afraid to use it&#8221;, Ustronie Morskie, Poland, 2022 drewno akacji, wystawa &#8222;Mam wyobra\u017ani\u0119 i nie zawaham si\u0119 jej [&hellip;]<\/p>\n","protected":false},"featured_media":316,"template":"","meta":[],"product_brand":[],"product_cat":[17],"product_tag":[],"class_list":{"0":"post-147","1":"product","2":"type-product","3":"status-publish","4":"has-post-thumbnail","6":"product_cat-scultptures-rzezby","8":"first","9":"instock","10":"featured","11":"shipping-taxable","12":"product-type-simple"},"_links":{"self":[{"href":"https:\/\/epawlinska.pl\/portfolio\/wp-json\/wp\/v2\/product\/147","targetHints":{"allow":["GET"]}}],"collection":[{"href":"https:\/\/epawlinska.pl\/portfolio\/wp-json\/wp\/v2\/product"}],"about":[{"href":"https:\/\/epawlinska.pl\/portfolio\/wp-json\/wp\/v2\/types\/product"}],"wp:featuredmedia":[{"embeddable":true,"href":"https:\/\/epawlinska.pl\/portfolio\/wp-json\/wp\/v2\/media\/316"}],"wp:attachment":[{"href":"https:\/\/epawlinska.pl\/portfolio\/wp-json\/wp\/v2\/media?parent=147"}],"wp:term":[{"taxonomy":"product_brand","embeddable":true,"href":"https:\/\/epawlinska.pl\/portfolio\/wp-json\/wp\/v2\/product_brand?post=147"},{"taxonomy":"product_cat","embeddable":true,"href":"https:\/\/epawlinska.pl\/portfolio\/wp-json\/wp\/v2\/product_cat?post=147"},{"taxonomy":"product_tag","embeddable":true,"href":"https:\/\/epawlinska.pl\/portfolio\/wp-json\/wp\/v2\/product_tag?post=147"}],"curies":[{"name":"wp","href":"https:\/\/api.w.org\/{rel}","templated":true}]}}