{"id":153,"date":"2023-02-23T22:27:28","date_gmt":"2023-02-23T21:27:28","guid":{"rendered":"http:\/\/efa.green64.pl\/shop\/?post_type=product&#038;p=153"},"modified":"2023-11-12T20:30:36","modified_gmt":"2023-11-12T19:30:36","slug":"rider-jezdziec","status":"publish","type":"product","link":"https:\/\/epawlinska.pl\/portfolio\/produkt\/rider-jezdziec\/","title":{"rendered":"Rider \/ Je\u017adziec"},"content":{"rendered":"<p>green serpentinite, exhibition &#8222;I have an imagination and I am not afraid to use it&#8221;, Ustronie Morskie, Poland, 2022<\/p>\n<p>serpentynit zielony, wystawa &#8222;Mam wyobra\u017ani\u0119 i nie zawaham si\u0119 jej u\u017cy\u0107&#8221;, Ustronie Morskie, Polska, 2022<\/p>\n","protected":false},"excerpt":{"rendered":"<p>green serpentinite, exhibition &#8222;I have an imagination and I am not afraid to use it&#8221;, Ustronie Morskie, Poland, 2022 serpentynit zielony, wystawa &#8222;Mam wyobra\u017ani\u0119 i nie zawaham si\u0119 jej u\u017cy\u0107&#8221;, [&hellip;]<\/p>\n","protected":false},"featured_media":160,"template":"","meta":[],"product_brand":[],"product_cat":[17],"product_tag":[23,71,70,112,91,94,65,27,93,43,30,89,67,92],"class_list":{"0":"post-153","1":"product","2":"type-product","3":"status-publish","4":"has-post-thumbnail","6":"product_cat-scultptures-rzezby","7":"product_tag-art","8":"product_tag-artist","9":"product_tag-female","10":"product_tag-greeen-serpentinite","11":"product_tag-hard","12":"product_tag-jezdziec","13":"product_tag-kamien","14":"product_tag-pawlinska","15":"product_tag-rider","16":"product_tag-rzezba","17":"product_tag-sculpture","18":"product_tag-serpentinite","19":"product_tag-stone","20":"product_tag-work","22":"first","23":"instock","24":"shipping-taxable","25":"product-type-simple"},"_links":{"self":[{"href":"https:\/\/epawlinska.pl\/portfolio\/wp-json\/wp\/v2\/product\/153","targetHints":{"allow":["GET"]}}],"collection":[{"href":"https:\/\/epawlinska.pl\/portfolio\/wp-json\/wp\/v2\/product"}],"about":[{"href":"https:\/\/epawlinska.pl\/portfolio\/wp-json\/wp\/v2\/types\/product"}],"wp:featuredmedia":[{"embeddable":true,"href":"https:\/\/epawlinska.pl\/portfolio\/wp-json\/wp\/v2\/media\/160"}],"wp:attachment":[{"href":"https:\/\/epawlinska.pl\/portfolio\/wp-json\/wp\/v2\/media?parent=153"}],"wp:term":[{"taxonomy":"product_brand","embeddable":true,"href":"https:\/\/epawlinska.pl\/portfolio\/wp-json\/wp\/v2\/product_brand?post=153"},{"taxonomy":"product_cat","embeddable":true,"href":"https:\/\/epawlinska.pl\/portfolio\/wp-json\/wp\/v2\/product_cat?post=153"},{"taxonomy":"product_tag","embeddable":true,"href":"https:\/\/epawlinska.pl\/portfolio\/wp-json\/wp\/v2\/product_tag?post=153"}],"curies":[{"name":"wp","href":"https:\/\/api.w.org\/{rel}","templated":true}]}}