{"id":168,"date":"2023-02-23T22:29:21","date_gmt":"2023-02-23T21:29:21","guid":{"rendered":"http:\/\/efa.green64.pl\/shop\/?post_type=product&#038;p=168"},"modified":"2023-11-12T20:28:26","modified_gmt":"2023-11-12T19:28:26","slug":"blue-death-niebieska-smierc","status":"publish","type":"product","link":"https:\/\/epawlinska.pl\/portfolio\/produkt\/blue-death-niebieska-smierc\/","title":{"rendered":"Blue death \/ Niebieska \u015bmier\u0107"},"content":{"rendered":"<p>textiles, exhibition &#8222;I have an imagination and I am not afraid to use it&#8221;, Ustronie Morskie, Poland, 2022<\/p>\n<p>tekstylia, wystawa &#8222;Mam wyobra\u017ani\u0119 i nie zawaham si\u0119 jej u\u017cy\u0107&#8221;, Ustronie Morskie, Polska, 2022<\/p>\n<p>&nbsp;<\/p>\n","protected":false},"excerpt":{"rendered":"<p>textiles, exhibition &#8222;I have an imagination and I am not afraid to use it&#8221;, Ustronie Morskie, Poland, 2022 tekstylia, wystawa &#8222;Mam wyobra\u017ani\u0119 i nie zawaham si\u0119 jej u\u017cy\u0107&#8221;, Ustronie Morskie, [&hellip;]<\/p>\n","protected":false},"featured_media":167,"template":"","meta":[],"product_brand":[],"product_cat":[17],"product_tag":[99,23,71,100,101,70,98,104,96,105,30,97,102,95,103,69],"class_list":{"0":"post-168","1":"product","2":"type-product","3":"status-publish","4":"has-post-thumbnail","6":"product_cat-scultptures-rzezby","7":"product_tag-99","8":"product_tag-art","9":"product_tag-artist","10":"product_tag-blue","11":"product_tag-death","12":"product_tag-female","13":"product_tag-horse","14":"product_tag-morskie","15":"product_tag-new","16":"product_tag-polska","17":"product_tag-sculpture","18":"product_tag-skull","19":"product_tag-soft","20":"product_tag-textiles","21":"product_tag-ustronie","22":"product_tag-young","24":"first","25":"instock","26":"shipping-taxable","27":"product-type-simple"},"_links":{"self":[{"href":"https:\/\/epawlinska.pl\/portfolio\/wp-json\/wp\/v2\/product\/168","targetHints":{"allow":["GET"]}}],"collection":[{"href":"https:\/\/epawlinska.pl\/portfolio\/wp-json\/wp\/v2\/product"}],"about":[{"href":"https:\/\/epawlinska.pl\/portfolio\/wp-json\/wp\/v2\/types\/product"}],"wp:featuredmedia":[{"embeddable":true,"href":"https:\/\/epawlinska.pl\/portfolio\/wp-json\/wp\/v2\/media\/167"}],"wp:attachment":[{"href":"https:\/\/epawlinska.pl\/portfolio\/wp-json\/wp\/v2\/media?parent=168"}],"wp:term":[{"taxonomy":"product_brand","embeddable":true,"href":"https:\/\/epawlinska.pl\/portfolio\/wp-json\/wp\/v2\/product_brand?post=168"},{"taxonomy":"product_cat","embeddable":true,"href":"https:\/\/epawlinska.pl\/portfolio\/wp-json\/wp\/v2\/product_cat?post=168"},{"taxonomy":"product_tag","embeddable":true,"href":"https:\/\/epawlinska.pl\/portfolio\/wp-json\/wp\/v2\/product_tag?post=168"}],"curies":[{"name":"wp","href":"https:\/\/api.w.org\/{rel}","templated":true}]}}