{"id":169,"date":"2023-02-23T22:33:57","date_gmt":"2023-02-23T21:33:57","guid":{"rendered":"http:\/\/efa.green64.pl\/shop\/?post_type=product&#038;p=169"},"modified":"2024-11-20T11:31:34","modified_gmt":"2024-11-20T10:31:34","slug":"drawing-boards-plansze-rysunkowe","status":"publish","type":"product","link":"https:\/\/epawlinska.pl\/portfolio\/produkt\/drawing-boards-plansze-rysunkowe\/","title":{"rendered":"Skulls and armchairs \/ Czaszki i fotele"},"content":{"rendered":"<p>set of drawing boards, each 50x50cm, exhibition &#8222;I have an imagination and I am not afraid to use it&#8221;, Ustronie Morskie, Poland, 2022<\/p>\n<p>zestaw rysunk\u00f3w do wystawy &#8222;Mam wyobra\u017ani\u0119 i nie zawaham si\u0119 jej u\u017cy\u0107&#8221;, ka\u017cda z plansz 50x50cm, Ustronie Morskie, Polska, 2022<\/p>\n","protected":false},"excerpt":{"rendered":"<p>set of drawing boards, each 50x50cm, exhibition &#8222;I have an imagination and I am not afraid to use it&#8221;, Ustronie Morskie, Poland, 2022 zestaw rysunk\u00f3w do wystawy &#8222;Mam wyobra\u017ani\u0119 i [&hellip;]<\/p>\n","protected":false},"featured_media":156,"template":"","meta":[],"product_brand":[],"product_cat":[17],"product_tag":[110,106,108,109,107,97,46],"class_list":{"0":"post-169","1":"product","2":"type-product","3":"status-publish","4":"has-post-thumbnail","6":"product_cat-scultptures-rzezby","7":"product_tag-animal","8":"product_tag-drawings-boards","9":"product_tag-fun","10":"product_tag-light","11":"product_tag-set","12":"product_tag-skull","13":"product_tag-trash","15":"first","16":"instock","17":"shipping-taxable","18":"product-type-simple"},"_links":{"self":[{"href":"https:\/\/epawlinska.pl\/portfolio\/wp-json\/wp\/v2\/product\/169","targetHints":{"allow":["GET"]}}],"collection":[{"href":"https:\/\/epawlinska.pl\/portfolio\/wp-json\/wp\/v2\/product"}],"about":[{"href":"https:\/\/epawlinska.pl\/portfolio\/wp-json\/wp\/v2\/types\/product"}],"wp:featuredmedia":[{"embeddable":true,"href":"https:\/\/epawlinska.pl\/portfolio\/wp-json\/wp\/v2\/media\/156"}],"wp:attachment":[{"href":"https:\/\/epawlinska.pl\/portfolio\/wp-json\/wp\/v2\/media?parent=169"}],"wp:term":[{"taxonomy":"product_brand","embeddable":true,"href":"https:\/\/epawlinska.pl\/portfolio\/wp-json\/wp\/v2\/product_brand?post=169"},{"taxonomy":"product_cat","embeddable":true,"href":"https:\/\/epawlinska.pl\/portfolio\/wp-json\/wp\/v2\/product_cat?post=169"},{"taxonomy":"product_tag","embeddable":true,"href":"https:\/\/epawlinska.pl\/portfolio\/wp-json\/wp\/v2\/product_tag?post=169"}],"curies":[{"name":"wp","href":"https:\/\/api.w.org\/{rel}","templated":true}]}}