{"id":247,"date":"2023-10-05T11:57:15","date_gmt":"2023-10-05T09:57:15","guid":{"rendered":"http:\/\/efa.green64.pl\/shop\/?post_type=product&#038;p=247"},"modified":"2023-11-12T19:29:29","modified_gmt":"2023-11-12T18:29:29","slug":"racing-chaise-longue-with-a-skull-tatooo-wyscigowy-szezlong-z-wytatuowana-czaszka","status":"publish","type":"product","link":"https:\/\/epawlinska.pl\/portfolio\/produkt\/racing-chaise-longue-with-a-skull-tatooo-wyscigowy-szezlong-z-wytatuowana-czaszka\/","title":{"rendered":"Racing chaise longue with a skull tattoo \/ Wy\u015bcigowy szezlong z wytatuowan\u0105 czaszk\u0105"},"content":{"rendered":"<p>120&#215;28 cm<\/p>\n<p>lime wood\/drewno lipowe<\/p>\n<p id=\"tw-target-text\" class=\"tw-data-text tw-text-large tw-ta\" dir=\"ltr\" data-placeholder=\"T\u0142umaczenie\" data-ved=\"2ahUKEwj7t4fair-CAxVvZ_EDHR2JAHUQ3ewLegQIBRAQ\">2nd National Painting and Sculpture Open Air, UL, Radawnica, Poland<\/p>\n<p>II Og\u00f3lnopolski Plener malarsko-rze\u017abiarski, UL, Radawnica, Poland<\/p>\n<p>2023<\/p>\n<p>&nbsp;<\/p>\n","protected":false},"excerpt":{"rendered":"<p>120&#215;28 cm lime wood\/drewno lipowe 2nd National Painting and Sculpture Open Air, UL, Radawnica, Poland II Og\u00f3lnopolski Plener malarsko-rze\u017abiarski, UL, Radawnica, Poland 2023 &nbsp;<\/p>\n","protected":false},"featured_media":248,"template":"","meta":[],"product_brand":[],"product_cat":[17],"product_tag":[],"class_list":{"0":"post-247","1":"product","2":"type-product","3":"status-publish","4":"has-post-thumbnail","6":"product_cat-scultptures-rzezby","8":"first","9":"instock","10":"shipping-taxable","11":"product-type-simple"},"_links":{"self":[{"href":"https:\/\/epawlinska.pl\/portfolio\/wp-json\/wp\/v2\/product\/247","targetHints":{"allow":["GET"]}}],"collection":[{"href":"https:\/\/epawlinska.pl\/portfolio\/wp-json\/wp\/v2\/product"}],"about":[{"href":"https:\/\/epawlinska.pl\/portfolio\/wp-json\/wp\/v2\/types\/product"}],"wp:featuredmedia":[{"embeddable":true,"href":"https:\/\/epawlinska.pl\/portfolio\/wp-json\/wp\/v2\/media\/248"}],"wp:attachment":[{"href":"https:\/\/epawlinska.pl\/portfolio\/wp-json\/wp\/v2\/media?parent=247"}],"wp:term":[{"taxonomy":"product_brand","embeddable":true,"href":"https:\/\/epawlinska.pl\/portfolio\/wp-json\/wp\/v2\/product_brand?post=247"},{"taxonomy":"product_cat","embeddable":true,"href":"https:\/\/epawlinska.pl\/portfolio\/wp-json\/wp\/v2\/product_cat?post=247"},{"taxonomy":"product_tag","embeddable":true,"href":"https:\/\/epawlinska.pl\/portfolio\/wp-json\/wp\/v2\/product_tag?post=247"}],"curies":[{"name":"wp","href":"https:\/\/api.w.org\/{rel}","templated":true}]}}