{"id":320,"date":"2024-11-20T20:57:01","date_gmt":"2024-11-20T19:57:01","guid":{"rendered":"https:\/\/epawlinska.pl\/portfolio\/?post_type=product&#038;p=320"},"modified":"2025-09-30T13:19:48","modified_gmt":"2025-09-30T11:19:48","slug":"blue-nude-2-blekitny-akt-2","status":"publish","type":"product","link":"https:\/\/epawlinska.pl\/portfolio\/produkt\/blue-nude-2-blekitny-akt-2\/","title":{"rendered":"Blue nude 2 \/ B\u0142\u0119kitny akt 2"},"content":{"rendered":"<p>iron cast, various dimensions, Wroclaw, Poland, 2018<\/p>\n<p>odlew \u017celiwny, r\u00f3\u017cne wymiary, Wroc\u0142aw, Polska, 2018<\/p>\n","protected":false},"excerpt":{"rendered":"<p>iron cast, various dimensions, Wroclaw, Poland, 2018 odlew \u017celiwny, r\u00f3\u017cne wymiary, Wroc\u0142aw, Polska, 2018<\/p>\n","protected":false},"featured_media":57,"template":"","meta":[],"product_brand":[],"product_cat":[136,17],"product_tag":[],"class_list":{"0":"post-320","1":"product","2":"type-product","3":"status-publish","4":"has-post-thumbnail","6":"product_cat-blue-nude","7":"product_cat-scultptures-rzezby","9":"first","10":"instock","11":"shipping-taxable","12":"product-type-simple"},"_links":{"self":[{"href":"https:\/\/epawlinska.pl\/portfolio\/wp-json\/wp\/v2\/product\/320","targetHints":{"allow":["GET"]}}],"collection":[{"href":"https:\/\/epawlinska.pl\/portfolio\/wp-json\/wp\/v2\/product"}],"about":[{"href":"https:\/\/epawlinska.pl\/portfolio\/wp-json\/wp\/v2\/types\/product"}],"wp:featuredmedia":[{"embeddable":true,"href":"https:\/\/epawlinska.pl\/portfolio\/wp-json\/wp\/v2\/media\/57"}],"wp:attachment":[{"href":"https:\/\/epawlinska.pl\/portfolio\/wp-json\/wp\/v2\/media?parent=320"}],"wp:term":[{"taxonomy":"product_brand","embeddable":true,"href":"https:\/\/epawlinska.pl\/portfolio\/wp-json\/wp\/v2\/product_brand?post=320"},{"taxonomy":"product_cat","embeddable":true,"href":"https:\/\/epawlinska.pl\/portfolio\/wp-json\/wp\/v2\/product_cat?post=320"},{"taxonomy":"product_tag","embeddable":true,"href":"https:\/\/epawlinska.pl\/portfolio\/wp-json\/wp\/v2\/product_tag?post=320"}],"curies":[{"name":"wp","href":"https:\/\/api.w.org\/{rel}","templated":true}]}}