{"id":322,"date":"2024-11-20T21:00:15","date_gmt":"2024-11-20T20:00:15","guid":{"rendered":"https:\/\/epawlinska.pl\/portfolio\/?post_type=product&#038;p=322"},"modified":"2024-11-20T21:00:15","modified_gmt":"2024-11-20T20:00:15","slug":"blue-naked-key-niebieski-nagi-klucz","status":"publish","type":"product","link":"https:\/\/epawlinska.pl\/portfolio\/produkt\/blue-naked-key-niebieski-nagi-klucz\/","title":{"rendered":"Blue naked key \/ Niebieski nagi klucz"},"content":{"rendered":"<p>iron cast, various dimensions, Wroclaw, Poland, 2018<\/p>\n<p>odlew \u017celiwny, r\u00f3\u017cne wymiary, Wroc\u0142aw, Polska, 2018<\/p>\n","protected":false},"excerpt":{"rendered":"<p>iron cast, various dimensions, Wroclaw, Poland, 2018 odlew \u017celiwny, r\u00f3\u017cne wymiary, Wroc\u0142aw, Polska, 2018<\/p>\n","protected":false},"featured_media":70,"template":"","meta":[],"product_brand":[],"product_cat":[136,17],"product_tag":[100,137,140,139,138],"class_list":{"0":"post-322","1":"product","2":"type-product","3":"status-publish","4":"has-post-thumbnail","6":"product_cat-blue-nude","7":"product_cat-scultptures-rzezby","8":"product_tag-blue","9":"product_tag-henri-matisse","10":"product_tag-inspired-sculpture","11":"product_tag-key","12":"product_tag-nude","14":"first","15":"instock","16":"shipping-taxable","17":"product-type-simple"},"_links":{"self":[{"href":"https:\/\/epawlinska.pl\/portfolio\/wp-json\/wp\/v2\/product\/322","targetHints":{"allow":["GET"]}}],"collection":[{"href":"https:\/\/epawlinska.pl\/portfolio\/wp-json\/wp\/v2\/product"}],"about":[{"href":"https:\/\/epawlinska.pl\/portfolio\/wp-json\/wp\/v2\/types\/product"}],"wp:featuredmedia":[{"embeddable":true,"href":"https:\/\/epawlinska.pl\/portfolio\/wp-json\/wp\/v2\/media\/70"}],"wp:attachment":[{"href":"https:\/\/epawlinska.pl\/portfolio\/wp-json\/wp\/v2\/media?parent=322"}],"wp:term":[{"taxonomy":"product_brand","embeddable":true,"href":"https:\/\/epawlinska.pl\/portfolio\/wp-json\/wp\/v2\/product_brand?post=322"},{"taxonomy":"product_cat","embeddable":true,"href":"https:\/\/epawlinska.pl\/portfolio\/wp-json\/wp\/v2\/product_cat?post=322"},{"taxonomy":"product_tag","embeddable":true,"href":"https:\/\/epawlinska.pl\/portfolio\/wp-json\/wp\/v2\/product_tag?post=322"}],"curies":[{"name":"wp","href":"https:\/\/api.w.org\/{rel}","templated":true}]}}