{"id":53,"date":"2023-02-23T20:29:35","date_gmt":"2023-02-23T19:29:35","guid":{"rendered":"http:\/\/efa.green64.pl\/shop\/?post_type=product&#038;p=53"},"modified":"2024-11-20T20:53:56","modified_gmt":"2024-11-20T19:53:56","slug":"blue-nude","status":"publish","type":"product","link":"https:\/\/epawlinska.pl\/portfolio\/produkt\/blue-nude\/","title":{"rendered":"Blue nude 1 \/ B\u0142\u0119kitny akt 1"},"content":{"rendered":"<p>iron cast, various dimensions, Wroclaw, Poland, 2018<\/p>\n<p>odlew \u017celiwny, r\u00f3\u017cne wymiary, Wroc\u0142aw, Polska, 2018<\/p>\n","protected":false},"excerpt":{"rendered":"<p>iron cast, various dimensions, Wroclaw, Poland, 2018 odlew \u017celiwny, r\u00f3\u017cne wymiary, Wroc\u0142aw, Polska, 2018<\/p>\n","protected":false},"featured_media":54,"template":"","meta":[],"product_brand":[],"product_cat":[136,17],"product_tag":[],"class_list":{"0":"post-53","1":"product","2":"type-product","3":"status-publish","4":"has-post-thumbnail","6":"product_cat-blue-nude","7":"product_cat-scultptures-rzezby","9":"first","10":"instock","11":"shipping-taxable","12":"product-type-simple"},"_links":{"self":[{"href":"https:\/\/epawlinska.pl\/portfolio\/wp-json\/wp\/v2\/product\/53","targetHints":{"allow":["GET"]}}],"collection":[{"href":"https:\/\/epawlinska.pl\/portfolio\/wp-json\/wp\/v2\/product"}],"about":[{"href":"https:\/\/epawlinska.pl\/portfolio\/wp-json\/wp\/v2\/types\/product"}],"wp:featuredmedia":[{"embeddable":true,"href":"https:\/\/epawlinska.pl\/portfolio\/wp-json\/wp\/v2\/media\/54"}],"wp:attachment":[{"href":"https:\/\/epawlinska.pl\/portfolio\/wp-json\/wp\/v2\/media?parent=53"}],"wp:term":[{"taxonomy":"product_brand","embeddable":true,"href":"https:\/\/epawlinska.pl\/portfolio\/wp-json\/wp\/v2\/product_brand?post=53"},{"taxonomy":"product_cat","embeddable":true,"href":"https:\/\/epawlinska.pl\/portfolio\/wp-json\/wp\/v2\/product_cat?post=53"},{"taxonomy":"product_tag","embeddable":true,"href":"https:\/\/epawlinska.pl\/portfolio\/wp-json\/wp\/v2\/product_tag?post=53"}],"curies":[{"name":"wp","href":"https:\/\/api.w.org\/{rel}","templated":true}]}}