{"id":71,"date":"2023-02-23T20:31:28","date_gmt":"2023-02-23T19:31:28","guid":{"rendered":"http:\/\/efa.green64.pl\/shop\/?post_type=product&#038;p=71"},"modified":"2023-02-23T21:44:06","modified_gmt":"2023-02-23T20:44:06","slug":"myslobryly","status":"publish","type":"product","link":"https:\/\/epawlinska.pl\/portfolio\/produkt\/myslobryly\/","title":{"rendered":"Thinksolids \/ Mys\u0301lobry\u0142y"},"content":{"rendered":"<p>iron casts, various dimensions, Wroclaw, Poland, 2018<\/p>\n<p>odlewy \u017celiwne, r\u00f3\u017cne wymiary, Wroc\u0142aw, Polska, 2018<\/p>\n","protected":false},"excerpt":{"rendered":"<p>iron casts, various dimensions, Wroclaw, Poland, 2018 odlewy \u017celiwne, r\u00f3\u017cne wymiary, Wroc\u0142aw, Polska, 2018<\/p>\n","protected":false},"featured_media":73,"template":"","meta":[],"product_brand":[],"product_cat":[17],"product_tag":[],"class_list":{"0":"post-71","1":"product","2":"type-product","3":"status-publish","4":"has-post-thumbnail","6":"product_cat-scultptures-rzezby","8":"first","9":"instock","10":"shipping-taxable","11":"product-type-simple"},"_links":{"self":[{"href":"https:\/\/epawlinska.pl\/portfolio\/wp-json\/wp\/v2\/product\/71","targetHints":{"allow":["GET"]}}],"collection":[{"href":"https:\/\/epawlinska.pl\/portfolio\/wp-json\/wp\/v2\/product"}],"about":[{"href":"https:\/\/epawlinska.pl\/portfolio\/wp-json\/wp\/v2\/types\/product"}],"wp:featuredmedia":[{"embeddable":true,"href":"https:\/\/epawlinska.pl\/portfolio\/wp-json\/wp\/v2\/media\/73"}],"wp:attachment":[{"href":"https:\/\/epawlinska.pl\/portfolio\/wp-json\/wp\/v2\/media?parent=71"}],"wp:term":[{"taxonomy":"product_brand","embeddable":true,"href":"https:\/\/epawlinska.pl\/portfolio\/wp-json\/wp\/v2\/product_brand?post=71"},{"taxonomy":"product_cat","embeddable":true,"href":"https:\/\/epawlinska.pl\/portfolio\/wp-json\/wp\/v2\/product_cat?post=71"},{"taxonomy":"product_tag","embeddable":true,"href":"https:\/\/epawlinska.pl\/portfolio\/wp-json\/wp\/v2\/product_tag?post=71"}],"curies":[{"name":"wp","href":"https:\/\/api.w.org\/{rel}","templated":true}]}}