{"id":96,"date":"2023-02-23T20:42:08","date_gmt":"2023-02-23T19:42:08","guid":{"rendered":"http:\/\/efa.green64.pl\/shop\/?post_type=product&#038;p=96"},"modified":"2024-11-20T20:49:15","modified_gmt":"2024-11-20T19:49:15","slug":"la-luna-ne-touche-pas","status":"publish","type":"product","link":"https:\/\/epawlinska.pl\/portfolio\/produkt\/la-luna-ne-touche-pas\/","title":{"rendered":"La luna ne touche pas \/ Moon, don&#8217;t touch \/ Ksi\u0119\u017cyc, nie dotyka\u0107"},"content":{"rendered":"<p><iframe loading=\"lazy\" title=\"2017 la luna ne touche pas\" width=\"1140\" height=\"641\" src=\"https:\/\/www.youtube.com\/embed\/QXiMBqKTQPo?feature=oembed\" frameborder=\"0\" allow=\"accelerometer; autoplay; clipboard-write; encrypted-media; gyroscope; picture-in-picture; web-share\" referrerpolicy=\"strict-origin-when-cross-origin\" allowfullscreen><\/iframe><\/p>\n<p>steel, sweat, Wroclaw, Poland, 2017<\/p>\n<p>stal, pot, Wroc\u0142aw, Polska, 2017<\/p>\n","protected":false},"excerpt":{"rendered":"<p>steel, sweat, Wroclaw, Poland, 2017 stal, pot, Wroc\u0142aw, Polska, 2017<\/p>\n","protected":false},"featured_media":98,"template":"","meta":[],"product_brand":[],"product_cat":[17],"product_tag":[],"class_list":{"0":"post-96","1":"product","2":"type-product","3":"status-publish","4":"has-post-thumbnail","6":"product_cat-scultptures-rzezby","8":"first","9":"instock","10":"shipping-taxable","11":"product-type-simple"},"_links":{"self":[{"href":"https:\/\/epawlinska.pl\/portfolio\/wp-json\/wp\/v2\/product\/96","targetHints":{"allow":["GET"]}}],"collection":[{"href":"https:\/\/epawlinska.pl\/portfolio\/wp-json\/wp\/v2\/product"}],"about":[{"href":"https:\/\/epawlinska.pl\/portfolio\/wp-json\/wp\/v2\/types\/product"}],"wp:featuredmedia":[{"embeddable":true,"href":"https:\/\/epawlinska.pl\/portfolio\/wp-json\/wp\/v2\/media\/98"}],"wp:attachment":[{"href":"https:\/\/epawlinska.pl\/portfolio\/wp-json\/wp\/v2\/media?parent=96"}],"wp:term":[{"taxonomy":"product_brand","embeddable":true,"href":"https:\/\/epawlinska.pl\/portfolio\/wp-json\/wp\/v2\/product_brand?post=96"},{"taxonomy":"product_cat","embeddable":true,"href":"https:\/\/epawlinska.pl\/portfolio\/wp-json\/wp\/v2\/product_cat?post=96"},{"taxonomy":"product_tag","embeddable":true,"href":"https:\/\/epawlinska.pl\/portfolio\/wp-json\/wp\/v2\/product_tag?post=96"}],"curies":[{"name":"wp","href":"https:\/\/api.w.org\/{rel}","templated":true}]}}